{"id":110,"date":"2025-04-25T13:38:20","date_gmt":"2025-04-25T13:38:20","guid":{"rendered":"https:\/\/ibis-istanbul-esenyurt.accorv2prod.decms.eu\/lobby-bar\/"},"modified":"2025-06-02T11:39:15","modified_gmt":"2025-06-02T11:39:15","slug":"lobby-bar","status":"publish","type":"page","link":"https:\/\/www.ibisistanbulesenyurt.com\/tr\/lobby-bar\/","title":{"rendered":"Lobby Bar"},"content":{"rendered":"<p style=\"text-align: center;\">\u0130bis \u0130stanbul Esenyurt\u2019taki Lobby Bar, rahatlamak i\u00e7in davetkar ve samimi bir ortam sunuyor. \u0130ster h\u0131zl\u0131 bir kahve, ister ferahlat\u0131c\u0131 bir i\u00e7ecek, g\u00fcn\u00fcn herhangi bir saatinde arkada\u015flar\u0131n\u0131zla bir araya gelip dinlenmek i\u00e7in ideal bir yer.<\/p>\n","protected":false},"excerpt":{"rendered":"<p>\u0130bis \u0130stanbul Esenyurt\u2019taki Lobby Bar, rahatlamak i\u00e7in davetkar ve samimi bir ortam sunuyor. \u0130ster h\u0131zl\u0131 bir kahve, ister ferahlat\u0131c\u0131 bir i\u00e7ecek, g\u00fcn\u00fcn herhangi bir saatinde arkada\u015flar\u0131n\u0131zla bir araya gelip dinlenmek i\u00e7in ideal bir yer.<\/p>\n","protected":false},"author":165,"featured_media":0,"parent":0,"menu_order":0,"comment_status":"closed","ping_status":"closed","template":"template-restaurant.php","meta":{"footnotes":""},"categories":[],"class_list":["post-110","page","type-page","status-publish","hentry"],"acf":[],"yoast_head":"<!-- This site is optimized with the Yoast SEO plugin v26.9 - https:\/\/yoast.com\/product\/yoast-seo-wordpress\/ -->\n<title>Lobby Bar - Ibis \u0130stanbul Esenyurt<\/title>\n<meta name=\"description\" content=\"Ibis \u0130stanbul Esenyurt, lobby bar\u0131 g\u00fcn boyu sizlere lezzetli bir deneyim sunmakta.\" \/>\n<meta name=\"robots\" content=\"index, follow, max-snippet:-1, max-image-preview:large, max-video-preview:-1\" \/>\n<link rel=\"canonical\" href=\"https:\/\/www.ibisistanbulesenyurt.com\/tr\/lobby-bar\/\" \/>\n<meta property=\"og:locale\" content=\"tr_TR\" \/>\n<meta property=\"og:type\" content=\"article\" \/>\n<meta property=\"og:title\" content=\"Lobby Bar - Ibis \u0130stanbul Esenyurt\" \/>\n<meta property=\"og:description\" content=\"Ibis \u0130stanbul Esenyurt, lobby bar\u0131 g\u00fcn boyu sizlere lezzetli bir deneyim sunmakta.\" \/>\n<meta property=\"og:url\" content=\"https:\/\/www.ibisistanbulesenyurt.com\/tr\/lobby-bar\/\" \/>\n<meta property=\"og:site_name\" content=\"Ibis \u0130stanbul Esenyurt\" \/>\n<meta property=\"article:modified_time\" content=\"2025-06-02T11:39:15+00:00\" \/>\n<meta name=\"twitter:card\" content=\"summary_large_image\" \/>\n<meta name=\"twitter:label1\" content=\"Tahmini okuma s\u00fcresi\" \/>\n\t<meta name=\"twitter:data1\" content=\"1 dakika\" \/>\n<script type=\"application\/ld+json\" class=\"yoast-schema-graph\">{\"@context\":\"https:\/\/schema.org\",\"@graph\":[{\"@type\":\"WebPage\",\"@id\":\"https:\/\/www.ibisistanbulesenyurt.com\/tr\/lobby-bar\/\",\"url\":\"https:\/\/www.ibisistanbulesenyurt.com\/tr\/lobby-bar\/\",\"name\":\"Lobby Bar - Ibis \u0130stanbul Esenyurt\",\"isPartOf\":{\"@id\":\"https:\/\/www.ibisistanbulesenyurt.com\/#website\"},\"datePublished\":\"2025-04-25T13:38:20+00:00\",\"dateModified\":\"2025-06-02T11:39:15+00:00\",\"description\":\"Ibis \u0130stanbul Esenyurt, lobby bar\u0131 g\u00fcn boyu sizlere lezzetli bir deneyim sunmakta.\",\"breadcrumb\":{\"@id\":\"https:\/\/www.ibisistanbulesenyurt.com\/tr\/lobby-bar\/#breadcrumb\"},\"inLanguage\":\"tr\",\"potentialAction\":[{\"@type\":\"ReadAction\",\"target\":[\"https:\/\/www.ibisistanbulesenyurt.com\/tr\/lobby-bar\/\"]}]},{\"@type\":\"BreadcrumbList\",\"@id\":\"https:\/\/www.ibisistanbulesenyurt.com\/tr\/lobby-bar\/#breadcrumb\",\"itemListElement\":[{\"@type\":\"ListItem\",\"position\":1,\"name\":\"Home\",\"item\":\"https:\/\/www.ibisistanbulesenyurt.com\/tr\/\"},{\"@type\":\"ListItem\",\"position\":2,\"name\":\"Lobby Bar\"}]},{\"@type\":\"WebSite\",\"@id\":\"https:\/\/www.ibisistanbulesenyurt.com\/#website\",\"url\":\"https:\/\/www.ibisistanbulesenyurt.com\/\",\"name\":\"Ibis Istanbul Esenyurt\",\"description\":\"\",\"potentialAction\":[{\"@type\":\"SearchAction\",\"target\":{\"@type\":\"EntryPoint\",\"urlTemplate\":\"https:\/\/www.ibisistanbulesenyurt.com\/?s={search_term_string}\"},\"query-input\":{\"@type\":\"PropertyValueSpecification\",\"valueRequired\":true,\"valueName\":\"search_term_string\"}}],\"inLanguage\":\"tr\"}]}<\/script>\n<!-- \/ Yoast SEO plugin. -->","yoast_head_json":{"title":"Lobby Bar - Ibis \u0130stanbul Esenyurt","description":"Ibis \u0130stanbul Esenyurt, lobby bar\u0131 g\u00fcn boyu sizlere lezzetli bir deneyim sunmakta.","robots":{"index":"index","follow":"follow","max-snippet":"max-snippet:-1","max-image-preview":"max-image-preview:large","max-video-preview":"max-video-preview:-1"},"canonical":"https:\/\/www.ibisistanbulesenyurt.com\/tr\/lobby-bar\/","og_locale":"tr_TR","og_type":"article","og_title":"Lobby Bar - Ibis \u0130stanbul Esenyurt","og_description":"Ibis \u0130stanbul Esenyurt, lobby bar\u0131 g\u00fcn boyu sizlere lezzetli bir deneyim sunmakta.","og_url":"https:\/\/www.ibisistanbulesenyurt.com\/tr\/lobby-bar\/","og_site_name":"Ibis \u0130stanbul Esenyurt","article_modified_time":"2025-06-02T11:39:15+00:00","twitter_card":"summary_large_image","twitter_misc":{"Tahmini okuma s\u00fcresi":"1 dakika"},"schema":{"@context":"https:\/\/schema.org","@graph":[{"@type":"WebPage","@id":"https:\/\/www.ibisistanbulesenyurt.com\/tr\/lobby-bar\/","url":"https:\/\/www.ibisistanbulesenyurt.com\/tr\/lobby-bar\/","name":"Lobby Bar - Ibis \u0130stanbul Esenyurt","isPartOf":{"@id":"https:\/\/www.ibisistanbulesenyurt.com\/#website"},"datePublished":"2025-04-25T13:38:20+00:00","dateModified":"2025-06-02T11:39:15+00:00","description":"Ibis \u0130stanbul Esenyurt, lobby bar\u0131 g\u00fcn boyu sizlere lezzetli bir deneyim sunmakta.","breadcrumb":{"@id":"https:\/\/www.ibisistanbulesenyurt.com\/tr\/lobby-bar\/#breadcrumb"},"inLanguage":"tr","potentialAction":[{"@type":"ReadAction","target":["https:\/\/www.ibisistanbulesenyurt.com\/tr\/lobby-bar\/"]}]},{"@type":"BreadcrumbList","@id":"https:\/\/www.ibisistanbulesenyurt.com\/tr\/lobby-bar\/#breadcrumb","itemListElement":[{"@type":"ListItem","position":1,"name":"Home","item":"https:\/\/www.ibisistanbulesenyurt.com\/tr\/"},{"@type":"ListItem","position":2,"name":"Lobby Bar"}]},{"@type":"WebSite","@id":"https:\/\/www.ibisistanbulesenyurt.com\/#website","url":"https:\/\/www.ibisistanbulesenyurt.com\/","name":"Ibis Istanbul Esenyurt","description":"","potentialAction":[{"@type":"SearchAction","target":{"@type":"EntryPoint","urlTemplate":"https:\/\/www.ibisistanbulesenyurt.com\/?s={search_term_string}"},"query-input":{"@type":"PropertyValueSpecification","valueRequired":true,"valueName":"search_term_string"}}],"inLanguage":"tr"}]}},"_links":{"self":[{"href":"https:\/\/www.ibisistanbulesenyurt.com\/tr\/wp-json\/wp\/v2\/pages\/110","targetHints":{"allow":["GET"]}}],"collection":[{"href":"https:\/\/www.ibisistanbulesenyurt.com\/tr\/wp-json\/wp\/v2\/pages"}],"about":[{"href":"https:\/\/www.ibisistanbulesenyurt.com\/tr\/wp-json\/wp\/v2\/types\/page"}],"author":[{"embeddable":true,"href":"https:\/\/www.ibisistanbulesenyurt.com\/tr\/wp-json\/wp\/v2\/users\/165"}],"replies":[{"embeddable":true,"href":"https:\/\/www.ibisistanbulesenyurt.com\/tr\/wp-json\/wp\/v2\/comments?post=110"}],"version-history":[{"count":0,"href":"https:\/\/www.ibisistanbulesenyurt.com\/tr\/wp-json\/wp\/v2\/pages\/110\/revisions"}],"wp:attachment":[{"href":"https:\/\/www.ibisistanbulesenyurt.com\/tr\/wp-json\/wp\/v2\/media?parent=110"}],"wp:term":[{"taxonomy":"category","embeddable":true,"href":"https:\/\/www.ibisistanbulesenyurt.com\/tr\/wp-json\/wp\/v2\/categories?post=110"}],"curies":[{"name":"wp","href":"https:\/\/api.w.org\/{rel}","templated":true}]}}