{"id":115,"date":"2025-04-25T13:40:29","date_gmt":"2025-04-25T13:40:29","guid":{"rendered":"https:\/\/ibis-istanbul-esenyurt.accorv2prod.decms.eu\/location\/"},"modified":"2025-06-02T11:41:25","modified_gmt":"2025-06-02T11:41:25","slug":"lokasyon","status":"publish","type":"page","link":"https:\/\/www.ibisistanbulesenyurt.com\/tr\/lokasyon\/","title":{"rendered":"Lokasyon"},"content":{"rendered":"<p style=\"text-align: center;\">\u0130bis \u0130stanbul Esenyurt, Beylikd\u00fcz\u00fc il\u00e7esinde ideal bir konumda yer al\u0131r ve ana yol ba\u011flant\u0131lar\u0131, ula\u015f\u0131m hatlar\u0131 ve i\u015f merkezlerine kolay eri\u015fim sunar. Ibis \u0130stanbul Esenyurt konumu sayesinde, Marmara Park Al\u0131\u015fveri\u015f Merkezi ve T\u00fcyap Fuar Merkezi gibi pop\u00fcler noktalara kolay ula\u015f\u0131lmas\u0131n\u0131 sa\u011flar. \u015eehir merkezi k\u0131sa bir s\u00fcr\u00fc\u015f mesafesindedir, bu da hem i\u015f hem de tatil ama\u00e7l\u0131 seyahatler i\u00e7in m\u00fckemmel bir ba\u015flang\u0131\u00e7 noktas\u0131d\u0131r.<\/p>\n","protected":false},"excerpt":{"rendered":"<p>\u0130bis \u0130stanbul Esenyurt, Beylikd\u00fcz\u00fc il\u00e7esinde ideal bir konumda yer al\u0131r ve ana yol ba\u011flant\u0131lar\u0131, ula\u015f\u0131m hatlar\u0131 ve i\u015f merkezlerine kolay eri\u015fim sunar. Ibis \u0130stanbul Esenyurt konumu sayesinde, Marmara Park Al\u0131\u015fveri\u015f Merkezi ve T\u00fcyap Fuar Merkezi gibi pop\u00fcler noktalara kolay ula\u015f\u0131lmas\u0131n\u0131 sa\u011flar. \u015eehir merkezi k\u0131sa bir s\u00fcr\u00fc\u015f mesafesindedir, bu da hem i\u015f hem de tatil ama\u00e7l\u0131 [&hellip;]<\/p>\n","protected":false},"author":165,"featured_media":0,"parent":0,"menu_order":30,"comment_status":"closed","ping_status":"closed","template":"template-location.php","meta":{"footnotes":""},"categories":[],"class_list":["post-115","page","type-page","status-publish","hentry"],"acf":[],"yoast_head":"<!-- This site is optimized with the Yoast SEO plugin v26.9 - https:\/\/yoast.com\/product\/yoast-seo-wordpress\/ -->\n<title>Lokasyon - Ibis \u0130stanbul Esenyurt<\/title>\n<meta name=\"description\" content=\"\u0130bis \u0130stanbul Esenyurt, \u0130stanbul&#039;un ana cazibe merkezlerine ve i\u015f b\u00f6lgelerine h\u0131zl\u0131 eri\u015fim sa\u011flayan ideal bir konum sunar, rahat bir konaklama ve uygun ula\u015f\u0131m ba\u011flant\u0131lar\u0131 ile hizmet verir.\" \/>\n<meta name=\"robots\" content=\"index, follow, max-snippet:-1, max-image-preview:large, max-video-preview:-1\" \/>\n<link rel=\"canonical\" href=\"https:\/\/www.ibisistanbulesenyurt.com\/tr\/lokasyon\/\" \/>\n<meta property=\"og:locale\" content=\"tr_TR\" \/>\n<meta property=\"og:type\" content=\"article\" \/>\n<meta property=\"og:title\" content=\"Lokasyon - Ibis \u0130stanbul Esenyurt\" \/>\n<meta property=\"og:description\" content=\"\u0130bis \u0130stanbul Esenyurt, \u0130stanbul&#039;un ana cazibe merkezlerine ve i\u015f b\u00f6lgelerine h\u0131zl\u0131 eri\u015fim sa\u011flayan ideal bir konum sunar, rahat bir konaklama ve uygun ula\u015f\u0131m ba\u011flant\u0131lar\u0131 ile hizmet verir.\" \/>\n<meta property=\"og:url\" content=\"https:\/\/www.ibisistanbulesenyurt.com\/tr\/lokasyon\/\" \/>\n<meta property=\"og:site_name\" content=\"Ibis \u0130stanbul Esenyurt\" \/>\n<meta property=\"article:modified_time\" content=\"2025-06-02T11:41:25+00:00\" \/>\n<meta name=\"twitter:card\" content=\"summary_large_image\" \/>\n<meta name=\"twitter:label1\" content=\"Tahmini okuma s\u00fcresi\" \/>\n\t<meta name=\"twitter:data1\" content=\"1 dakika\" \/>\n<script type=\"application\/ld+json\" class=\"yoast-schema-graph\">{\"@context\":\"https:\/\/schema.org\",\"@graph\":[{\"@type\":\"WebPage\",\"@id\":\"https:\/\/www.ibisistanbulesenyurt.com\/tr\/lokasyon\/\",\"url\":\"https:\/\/www.ibisistanbulesenyurt.com\/tr\/lokasyon\/\",\"name\":\"Lokasyon - Ibis \u0130stanbul Esenyurt\",\"isPartOf\":{\"@id\":\"https:\/\/www.ibisistanbulesenyurt.com\/#website\"},\"datePublished\":\"2025-04-25T13:40:29+00:00\",\"dateModified\":\"2025-06-02T11:41:25+00:00\",\"description\":\"\u0130bis \u0130stanbul Esenyurt, \u0130stanbul'un ana cazibe merkezlerine ve i\u015f b\u00f6lgelerine h\u0131zl\u0131 eri\u015fim sa\u011flayan ideal bir konum sunar, rahat bir konaklama ve uygun ula\u015f\u0131m ba\u011flant\u0131lar\u0131 ile hizmet verir.\",\"breadcrumb\":{\"@id\":\"https:\/\/www.ibisistanbulesenyurt.com\/tr\/lokasyon\/#breadcrumb\"},\"inLanguage\":\"tr\",\"potentialAction\":[{\"@type\":\"ReadAction\",\"target\":[\"https:\/\/www.ibisistanbulesenyurt.com\/tr\/lokasyon\/\"]}]},{\"@type\":\"BreadcrumbList\",\"@id\":\"https:\/\/www.ibisistanbulesenyurt.com\/tr\/lokasyon\/#breadcrumb\",\"itemListElement\":[{\"@type\":\"ListItem\",\"position\":1,\"name\":\"Home\",\"item\":\"https:\/\/www.ibisistanbulesenyurt.com\/tr\/\"},{\"@type\":\"ListItem\",\"position\":2,\"name\":\"Lokasyon\"}]},{\"@type\":\"WebSite\",\"@id\":\"https:\/\/www.ibisistanbulesenyurt.com\/#website\",\"url\":\"https:\/\/www.ibisistanbulesenyurt.com\/\",\"name\":\"Ibis Istanbul Esenyurt\",\"description\":\"\",\"potentialAction\":[{\"@type\":\"SearchAction\",\"target\":{\"@type\":\"EntryPoint\",\"urlTemplate\":\"https:\/\/www.ibisistanbulesenyurt.com\/?s={search_term_string}\"},\"query-input\":{\"@type\":\"PropertyValueSpecification\",\"valueRequired\":true,\"valueName\":\"search_term_string\"}}],\"inLanguage\":\"tr\"}]}<\/script>\n<!-- \/ Yoast SEO plugin. -->","yoast_head_json":{"title":"Lokasyon - Ibis \u0130stanbul Esenyurt","description":"\u0130bis \u0130stanbul Esenyurt, \u0130stanbul'un ana cazibe merkezlerine ve i\u015f b\u00f6lgelerine h\u0131zl\u0131 eri\u015fim sa\u011flayan ideal bir konum sunar, rahat bir konaklama ve uygun ula\u015f\u0131m ba\u011flant\u0131lar\u0131 ile hizmet verir.","robots":{"index":"index","follow":"follow","max-snippet":"max-snippet:-1","max-image-preview":"max-image-preview:large","max-video-preview":"max-video-preview:-1"},"canonical":"https:\/\/www.ibisistanbulesenyurt.com\/tr\/lokasyon\/","og_locale":"tr_TR","og_type":"article","og_title":"Lokasyon - Ibis \u0130stanbul Esenyurt","og_description":"\u0130bis \u0130stanbul Esenyurt, \u0130stanbul'un ana cazibe merkezlerine ve i\u015f b\u00f6lgelerine h\u0131zl\u0131 eri\u015fim sa\u011flayan ideal bir konum sunar, rahat bir konaklama ve uygun ula\u015f\u0131m ba\u011flant\u0131lar\u0131 ile hizmet verir.","og_url":"https:\/\/www.ibisistanbulesenyurt.com\/tr\/lokasyon\/","og_site_name":"Ibis \u0130stanbul Esenyurt","article_modified_time":"2025-06-02T11:41:25+00:00","twitter_card":"summary_large_image","twitter_misc":{"Tahmini okuma s\u00fcresi":"1 dakika"},"schema":{"@context":"https:\/\/schema.org","@graph":[{"@type":"WebPage","@id":"https:\/\/www.ibisistanbulesenyurt.com\/tr\/lokasyon\/","url":"https:\/\/www.ibisistanbulesenyurt.com\/tr\/lokasyon\/","name":"Lokasyon - Ibis \u0130stanbul Esenyurt","isPartOf":{"@id":"https:\/\/www.ibisistanbulesenyurt.com\/#website"},"datePublished":"2025-04-25T13:40:29+00:00","dateModified":"2025-06-02T11:41:25+00:00","description":"\u0130bis \u0130stanbul Esenyurt, \u0130stanbul'un ana cazibe merkezlerine ve i\u015f b\u00f6lgelerine h\u0131zl\u0131 eri\u015fim sa\u011flayan ideal bir konum sunar, rahat bir konaklama ve uygun ula\u015f\u0131m ba\u011flant\u0131lar\u0131 ile hizmet verir.","breadcrumb":{"@id":"https:\/\/www.ibisistanbulesenyurt.com\/tr\/lokasyon\/#breadcrumb"},"inLanguage":"tr","potentialAction":[{"@type":"ReadAction","target":["https:\/\/www.ibisistanbulesenyurt.com\/tr\/lokasyon\/"]}]},{"@type":"BreadcrumbList","@id":"https:\/\/www.ibisistanbulesenyurt.com\/tr\/lokasyon\/#breadcrumb","itemListElement":[{"@type":"ListItem","position":1,"name":"Home","item":"https:\/\/www.ibisistanbulesenyurt.com\/tr\/"},{"@type":"ListItem","position":2,"name":"Lokasyon"}]},{"@type":"WebSite","@id":"https:\/\/www.ibisistanbulesenyurt.com\/#website","url":"https:\/\/www.ibisistanbulesenyurt.com\/","name":"Ibis Istanbul Esenyurt","description":"","potentialAction":[{"@type":"SearchAction","target":{"@type":"EntryPoint","urlTemplate":"https:\/\/www.ibisistanbulesenyurt.com\/?s={search_term_string}"},"query-input":{"@type":"PropertyValueSpecification","valueRequired":true,"valueName":"search_term_string"}}],"inLanguage":"tr"}]}},"_links":{"self":[{"href":"https:\/\/www.ibisistanbulesenyurt.com\/tr\/wp-json\/wp\/v2\/pages\/115","targetHints":{"allow":["GET"]}}],"collection":[{"href":"https:\/\/www.ibisistanbulesenyurt.com\/tr\/wp-json\/wp\/v2\/pages"}],"about":[{"href":"https:\/\/www.ibisistanbulesenyurt.com\/tr\/wp-json\/wp\/v2\/types\/page"}],"author":[{"embeddable":true,"href":"https:\/\/www.ibisistanbulesenyurt.com\/tr\/wp-json\/wp\/v2\/users\/165"}],"replies":[{"embeddable":true,"href":"https:\/\/www.ibisistanbulesenyurt.com\/tr\/wp-json\/wp\/v2\/comments?post=115"}],"version-history":[{"count":0,"href":"https:\/\/www.ibisistanbulesenyurt.com\/tr\/wp-json\/wp\/v2\/pages\/115\/revisions"}],"wp:attachment":[{"href":"https:\/\/www.ibisistanbulesenyurt.com\/tr\/wp-json\/wp\/v2\/media?parent=115"}],"wp:term":[{"taxonomy":"category","embeddable":true,"href":"https:\/\/www.ibisistanbulesenyurt.com\/tr\/wp-json\/wp\/v2\/categories?post=115"}],"curies":[{"name":"wp","href":"https:\/\/api.w.org\/{rel}","templated":true}]}}