{"id":95,"date":"2025-04-25T08:04:07","date_gmt":"2025-04-25T08:04:07","guid":{"rendered":"https:\/\/ibis-istanbul-esenyurt.accorv2prod.decms.eu\/ibis-istanbul-esenyurt\/"},"modified":"2025-07-04T11:12:26","modified_gmt":"2025-07-04T11:12:26","slug":"ibis-istanbul-esenyurt","status":"publish","type":"page","link":"https:\/\/www.ibisistanbulesenyurt.com\/tr\/","title":{"rendered":"Ibis \u0130stanbul Esenyurt"},"content":{"rendered":"\r\n<p style=\"text-align: center\">\u0130bis \u0130stanbul Esenyurt\u2019a Ho\u015f Geldiniz! Otelimiz, Beylikd\u00fcz\u00fc&#8217;n\u00fcn dinamik i\u015f ve yerle\u015fim b\u00f6lgesinde stratejik bir konumda yer al\u0131yor ve modern tasar\u0131m ile ger\u00e7ek T\u00fcrk misafirperverli\u011fini bir araya getiriyor. Ana yollara kolay eri\u015fim imkan\u0131yla, hem i\u015f seyahati hem de tatil i\u00e7in m\u00fckemmel bir konaklama se\u00e7ene\u011fi sunuyor.<\/p>\r\n<p style=\"text-align: center\">\u00dccretsiz Wi-Fi, klima, uydu TV ve mini buzdolab\u0131 gibi t\u00fcm ihtiya\u00e7lar\u0131n\u0131z\u0131 kar\u015f\u0131layacak olanaklarla donat\u0131lm\u0131\u015f odalar\u0131yla konforlu ve verimli bir konaklama deneyimi ya\u015fayabilirsiniz. K\u0131sa bir tatil veya uzun s\u00fcreli bir ziyaret i\u00e7in, \u0130bis \u0130stanbul Esenyurt sizin i\u00e7in m\u00fckemmel bir tercih.<\/p>\r\n<p style=\"text-align: center\">Ibis \u0130stanbul Esenyurt, Marmara Park Al\u0131\u015fveri\u015f Merkezi, T\u00fcyap Fuar ve Kongre Merkezi (https:\/\/tuyap.com.tr\/istanbul) gibi \u00f6nemli cazibe merkezlerine sadece k\u0131sa bir mesafede yer almaktad\u0131r. Ayr\u0131ca, \u015fehre kolay ula\u015f\u0131m sa\u011flayan m\u00fckemmel toplu ta\u015f\u0131ma ba\u011flant\u0131lar\u0131 sayesinde \u0130stanbul\u2019un canl\u0131 hayat\u0131n\u0131 ke\u015ffetmek i\u00e7in ideal bir ba\u015flang\u0131\u00e7 noktas\u0131d\u0131r.<\/p>\r\n","protected":false},"excerpt":{"rendered":"<p>\u0130bis \u0130stanbul Esenyurt\u2019a Ho\u015f Geldiniz! Otelimiz, Beylikd\u00fcz\u00fc&#8217;n\u00fcn dinamik i\u015f ve yerle\u015fim b\u00f6lgesinde stratejik bir konumda yer al\u0131yor ve modern tasar\u0131m ile ger\u00e7ek T\u00fcrk misafirperverli\u011fini bir araya getiriyor. Ana yollara kolay eri\u015fim imkan\u0131yla, hem i\u015f seyahati hem de tatil i\u00e7in m\u00fckemmel bir konaklama se\u00e7ene\u011fi sunuyor. \u00dccretsiz Wi-Fi, klima, uydu TV ve mini buzdolab\u0131 gibi t\u00fcm ihtiya\u00e7lar\u0131n\u0131z\u0131 [&hellip;]<\/p>\n","protected":false},"author":165,"featured_media":0,"parent":0,"menu_order":0,"comment_status":"closed","ping_status":"closed","template":"","meta":{"footnotes":""},"categories":[],"class_list":["post-95","page","type-page","status-publish","hentry"],"acf":[],"yoast_head":"<!-- This site is optimized with the Yoast SEO plugin v26.9 - https:\/\/yoast.com\/product\/yoast-seo-wordpress\/ -->\n<title>Ibis \u0130stanbul Esenyurt \u2013 \u0130stanbul\u2019da Konfor ve Kolayl\u0131k<\/title>\n<meta name=\"description\" content=\"\u0130bis \u0130stanbul Esenyurt, modern odalar, \u00fccretsiz Wi-Fi ve i\u015f ile tatil destinasyonlar\u0131na kolay eri\u015fim sunmaktad\u0131r. Marmara Park Al\u0131\u015fveri\u015f Merkezi ve T\u00fcyap Fuar Merkezi&#039;ne yak\u0131n konumuyla, \u0130stanbul&#039;u ke\u015ffetmek i\u00e7in m\u00fckemmel bir ba\u015flang\u0131\u00e7 noktas\u0131d\u0131r.\" \/>\n<meta name=\"robots\" content=\"index, follow, max-snippet:-1, max-image-preview:large, max-video-preview:-1\" \/>\n<link rel=\"canonical\" href=\"https:\/\/www.ibisistanbulesenyurt.com\/tr\/\" \/>\n<meta property=\"og:locale\" content=\"tr_TR\" \/>\n<meta property=\"og:type\" content=\"article\" \/>\n<meta property=\"og:title\" content=\"Ibis \u0130stanbul Esenyurt \u2013 \u0130stanbul\u2019da Konfor ve Kolayl\u0131k\" \/>\n<meta property=\"og:description\" content=\"\u0130bis \u0130stanbul Esenyurt, modern odalar, \u00fccretsiz Wi-Fi ve i\u015f ile tatil destinasyonlar\u0131na kolay eri\u015fim sunmaktad\u0131r. Marmara Park Al\u0131\u015fveri\u015f Merkezi ve T\u00fcyap Fuar Merkezi&#039;ne yak\u0131n konumuyla, \u0130stanbul&#039;u ke\u015ffetmek i\u00e7in m\u00fckemmel bir ba\u015flang\u0131\u00e7 noktas\u0131d\u0131r.\" \/>\n<meta property=\"og:url\" content=\"https:\/\/www.ibisistanbulesenyurt.com\/tr\/\" \/>\n<meta property=\"og:site_name\" content=\"Ibis \u0130stanbul Esenyurt\" \/>\n<meta property=\"article:modified_time\" content=\"2025-07-04T11:12:26+00:00\" \/>\n<meta name=\"twitter:card\" content=\"summary_large_image\" \/>\n<meta name=\"twitter:label1\" content=\"Tahmini okuma s\u00fcresi\" \/>\n\t<meta name=\"twitter:data1\" content=\"1 dakika\" \/>\n<script type=\"application\/ld+json\" class=\"yoast-schema-graph\">{\"@context\":\"https:\/\/schema.org\",\"@graph\":[{\"@type\":\"WebPage\",\"@id\":\"https:\/\/www.ibisistanbulesenyurt.com\/tr\/\",\"url\":\"https:\/\/www.ibisistanbulesenyurt.com\/tr\/\",\"name\":\"Ibis \u0130stanbul Esenyurt \u2013 \u0130stanbul\u2019da Konfor ve Kolayl\u0131k\",\"isPartOf\":{\"@id\":\"https:\/\/www.ibisistanbulesenyurt.com\/#website\"},\"datePublished\":\"2025-04-25T08:04:07+00:00\",\"dateModified\":\"2025-07-04T11:12:26+00:00\",\"description\":\"\u0130bis \u0130stanbul Esenyurt, modern odalar, \u00fccretsiz Wi-Fi ve i\u015f ile tatil destinasyonlar\u0131na kolay eri\u015fim sunmaktad\u0131r. Marmara Park Al\u0131\u015fveri\u015f Merkezi ve T\u00fcyap Fuar Merkezi'ne yak\u0131n konumuyla, \u0130stanbul'u ke\u015ffetmek i\u00e7in m\u00fckemmel bir ba\u015flang\u0131\u00e7 noktas\u0131d\u0131r.\",\"breadcrumb\":{\"@id\":\"https:\/\/www.ibisistanbulesenyurt.com\/tr\/#breadcrumb\"},\"inLanguage\":\"tr\",\"potentialAction\":[{\"@type\":\"ReadAction\",\"target\":[\"https:\/\/www.ibisistanbulesenyurt.com\/tr\/\"]}]},{\"@type\":\"BreadcrumbList\",\"@id\":\"https:\/\/www.ibisistanbulesenyurt.com\/tr\/#breadcrumb\",\"itemListElement\":[{\"@type\":\"ListItem\",\"position\":1,\"name\":\"Home\",\"item\":\"https:\/\/www.ibisistanbulesenyurt.com\/tr\/\"},{\"@type\":\"ListItem\",\"position\":2,\"name\":\"Ibis \u0130stanbul Esenyurt\"}]},{\"@type\":\"WebSite\",\"@id\":\"https:\/\/www.ibisistanbulesenyurt.com\/#website\",\"url\":\"https:\/\/www.ibisistanbulesenyurt.com\/\",\"name\":\"Ibis Istanbul Esenyurt\",\"description\":\"\",\"potentialAction\":[{\"@type\":\"SearchAction\",\"target\":{\"@type\":\"EntryPoint\",\"urlTemplate\":\"https:\/\/www.ibisistanbulesenyurt.com\/?s={search_term_string}\"},\"query-input\":{\"@type\":\"PropertyValueSpecification\",\"valueRequired\":true,\"valueName\":\"search_term_string\"}}],\"inLanguage\":\"tr\"}]}<\/script>\n<!-- \/ Yoast SEO plugin. -->","yoast_head_json":{"title":"Ibis \u0130stanbul Esenyurt \u2013 \u0130stanbul\u2019da Konfor ve Kolayl\u0131k","description":"\u0130bis \u0130stanbul Esenyurt, modern odalar, \u00fccretsiz Wi-Fi ve i\u015f ile tatil destinasyonlar\u0131na kolay eri\u015fim sunmaktad\u0131r. Marmara Park Al\u0131\u015fveri\u015f Merkezi ve T\u00fcyap Fuar Merkezi'ne yak\u0131n konumuyla, \u0130stanbul'u ke\u015ffetmek i\u00e7in m\u00fckemmel bir ba\u015flang\u0131\u00e7 noktas\u0131d\u0131r.","robots":{"index":"index","follow":"follow","max-snippet":"max-snippet:-1","max-image-preview":"max-image-preview:large","max-video-preview":"max-video-preview:-1"},"canonical":"https:\/\/www.ibisistanbulesenyurt.com\/tr\/","og_locale":"tr_TR","og_type":"article","og_title":"Ibis \u0130stanbul Esenyurt \u2013 \u0130stanbul\u2019da Konfor ve Kolayl\u0131k","og_description":"\u0130bis \u0130stanbul Esenyurt, modern odalar, \u00fccretsiz Wi-Fi ve i\u015f ile tatil destinasyonlar\u0131na kolay eri\u015fim sunmaktad\u0131r. Marmara Park Al\u0131\u015fveri\u015f Merkezi ve T\u00fcyap Fuar Merkezi'ne yak\u0131n konumuyla, \u0130stanbul'u ke\u015ffetmek i\u00e7in m\u00fckemmel bir ba\u015flang\u0131\u00e7 noktas\u0131d\u0131r.","og_url":"https:\/\/www.ibisistanbulesenyurt.com\/tr\/","og_site_name":"Ibis \u0130stanbul Esenyurt","article_modified_time":"2025-07-04T11:12:26+00:00","twitter_card":"summary_large_image","twitter_misc":{"Tahmini okuma s\u00fcresi":"1 dakika"},"schema":{"@context":"https:\/\/schema.org","@graph":[{"@type":"WebPage","@id":"https:\/\/www.ibisistanbulesenyurt.com\/tr\/","url":"https:\/\/www.ibisistanbulesenyurt.com\/tr\/","name":"Ibis \u0130stanbul Esenyurt \u2013 \u0130stanbul\u2019da Konfor ve Kolayl\u0131k","isPartOf":{"@id":"https:\/\/www.ibisistanbulesenyurt.com\/#website"},"datePublished":"2025-04-25T08:04:07+00:00","dateModified":"2025-07-04T11:12:26+00:00","description":"\u0130bis \u0130stanbul Esenyurt, modern odalar, \u00fccretsiz Wi-Fi ve i\u015f ile tatil destinasyonlar\u0131na kolay eri\u015fim sunmaktad\u0131r. Marmara Park Al\u0131\u015fveri\u015f Merkezi ve T\u00fcyap Fuar Merkezi'ne yak\u0131n konumuyla, \u0130stanbul'u ke\u015ffetmek i\u00e7in m\u00fckemmel bir ba\u015flang\u0131\u00e7 noktas\u0131d\u0131r.","breadcrumb":{"@id":"https:\/\/www.ibisistanbulesenyurt.com\/tr\/#breadcrumb"},"inLanguage":"tr","potentialAction":[{"@type":"ReadAction","target":["https:\/\/www.ibisistanbulesenyurt.com\/tr\/"]}]},{"@type":"BreadcrumbList","@id":"https:\/\/www.ibisistanbulesenyurt.com\/tr\/#breadcrumb","itemListElement":[{"@type":"ListItem","position":1,"name":"Home","item":"https:\/\/www.ibisistanbulesenyurt.com\/tr\/"},{"@type":"ListItem","position":2,"name":"Ibis \u0130stanbul Esenyurt"}]},{"@type":"WebSite","@id":"https:\/\/www.ibisistanbulesenyurt.com\/#website","url":"https:\/\/www.ibisistanbulesenyurt.com\/","name":"Ibis Istanbul Esenyurt","description":"","potentialAction":[{"@type":"SearchAction","target":{"@type":"EntryPoint","urlTemplate":"https:\/\/www.ibisistanbulesenyurt.com\/?s={search_term_string}"},"query-input":{"@type":"PropertyValueSpecification","valueRequired":true,"valueName":"search_term_string"}}],"inLanguage":"tr"}]}},"_links":{"self":[{"href":"https:\/\/www.ibisistanbulesenyurt.com\/tr\/wp-json\/wp\/v2\/pages\/95","targetHints":{"allow":["GET"]}}],"collection":[{"href":"https:\/\/www.ibisistanbulesenyurt.com\/tr\/wp-json\/wp\/v2\/pages"}],"about":[{"href":"https:\/\/www.ibisistanbulesenyurt.com\/tr\/wp-json\/wp\/v2\/types\/page"}],"author":[{"embeddable":true,"href":"https:\/\/www.ibisistanbulesenyurt.com\/tr\/wp-json\/wp\/v2\/users\/165"}],"replies":[{"embeddable":true,"href":"https:\/\/www.ibisistanbulesenyurt.com\/tr\/wp-json\/wp\/v2\/comments?post=95"}],"version-history":[{"count":0,"href":"https:\/\/www.ibisistanbulesenyurt.com\/tr\/wp-json\/wp\/v2\/pages\/95\/revisions"}],"wp:attachment":[{"href":"https:\/\/www.ibisistanbulesenyurt.com\/tr\/wp-json\/wp\/v2\/media?parent=95"}],"wp:term":[{"taxonomy":"category","embeddable":true,"href":"https:\/\/www.ibisistanbulesenyurt.com\/tr\/wp-json\/wp\/v2\/categories?post=95"}],"curies":[{"name":"wp","href":"https:\/\/api.w.org\/{rel}","templated":true}]}}